{"id":33,"date":"2018-09-24T14:58:32","date_gmt":"2018-09-24T12:58:32","guid":{"rendered":"http:\/\/www2.transports-coue.fr\/fr\/?page_id=33"},"modified":"2024-09-04T09:53:38","modified_gmt":"2024-09-04T07:53:38","slug":"faisons-la-route-ensemble","status":"publish","type":"page","link":"https:\/\/www.transports-coue.fr\/fr\/notre-entreprise\/faisons-la-route-ensemble\/","title":{"rendered":"Faisons la route ensemble"},"content":{"rendered":"\n<style type=\"text\/css\" data-created_by=\"avia_inline_auto\" id=\"style-css-av-lsm3blch-9e99bab10d7848db31f456757265c296\">\n.avia-section.av-lsm3blch-9e99bab10d7848db31f456757265c296{\nbackground-color:rgba(232,232,232,0.01);\nbackground-image:url(https:\/\/www.transports-coue.fr\/wp-content\/uploads\/2024\/02\/notre-equipe-gagnante-groupe-coue-trm-Basketball-1-e1707929991916.webp);\nbackground-repeat:no-repeat;\nbackground-position:50% 50%;\nbackground-attachment:scroll;\n}\n<\/style>\n<div id='av_section_1'  class='avia-section av-lsm3blch-9e99bab10d7848db31f456757265c296 main_color avia-section-default avia-shadow  avia-builder-el-0  el_before_av_section  avia-builder-el-first  av-small-hide av-mini-hide avia-bg-style-scroll av-minimum-height av-minimum-height-custom av-height-custom  container_wrap fullsize'  data-section-bg-repeat='no-repeat' data-av_minimum_height_px='320'><div class='container av-section-cont-open' style='height:320px'><main  role=\"main\" itemprop=\"mainContentOfPage\"  class='template-page content  av-content-full alpha units'><div class='post-entry post-entry-type-page post-entry-33'><div class='entry-content-wrapper clearfix'>\n<\/div><\/div><\/main><!-- close content main element --><\/div><\/div>\n<style type=\"text\/css\" data-created_by=\"avia_inline_auto\" id=\"style-css-av-133th-84d1dc6d3e3ef4589bb5e8b64031e092\">\n.avia-section.av-133th-84d1dc6d3e3ef4589bb5e8b64031e092{\nbackground-color:#ffffff;\nbackground-image:unset;\n}\n<\/style>\n<div id='av_section_2'  class='avia-section av-133th-84d1dc6d3e3ef4589bb5e8b64031e092 main_color avia-section-default avia-shadow  avia-builder-el-1  el_after_av_section  el_before_av_section  av-small-hide av-mini-hide avia-bg-style-scroll av-minimum-height av-minimum-height-custom av-height-custom  container_wrap fullsize'   data-av_minimum_height_px='50'><div class='container av-section-cont-open' style='height:50px'><div class='template-page content  av-content-full alpha units'><div class='post-entry post-entry-type-page post-entry-33'><div class='entry-content-wrapper clearfix'>\n<section  class='av_textblock_section av-lsm3c122-b1aad40af14ca457a59fea2c6ab0abd9 '   itemscope=\"itemscope\" itemtype=\"https:\/\/schema.org\/CreativeWork\" ><div class='avia_textblock'  itemprop=\"text\" ><h1><img loading=\"lazy\" decoding=\"async\" class=\"alignleft wp-image-353\" src=\"http:\/\/www2.transports-coue.fr\/fr\/wp-content\/uploads\/2018\/10\/transports-coue-o-245x300.png\" alt=\"\" width=\"65\" height=\"80\" srcset=\"https:\/\/www.transports-coue.fr\/wp-content\/uploads\/2018\/10\/transports-coue-o-245x300.png 245w, https:\/\/www.transports-coue.fr\/wp-content\/uploads\/2018\/10\/transports-coue-o-575x705.png 575w, https:\/\/www.transports-coue.fr\/wp-content\/uploads\/2018\/10\/transports-coue-o-450x551.png 450w, https:\/\/www.transports-coue.fr\/wp-content\/uploads\/2018\/10\/transports-coue-o.png 590w\" sizes=\"auto, (max-width: 65px) 100vw, 65px\" \/><\/h1>\n<h1><a href=\"https:\/\/www.transports-coue.fr\/fr\/contact\/\" target=\"_blank\" rel=\"noopener\"><img loading=\"lazy\" decoding=\"async\" class=\"alignright wp-image-44\" src=\"http:\/\/www2.transports-coue.fr\/fr\/wp-content\/uploads\/2018\/09\/picto-devis-300x105.png\" alt=\"\" width=\"149\" height=\"52\" srcset=\"https:\/\/www.transports-coue.fr\/wp-content\/uploads\/2018\/09\/picto-devis-300x105.png 300w, https:\/\/www.transports-coue.fr\/wp-content\/uploads\/2018\/09\/picto-devis-768x268.png 768w, https:\/\/www.transports-coue.fr\/wp-content\/uploads\/2018\/09\/picto-devis-705x246.png 705w, https:\/\/www.transports-coue.fr\/wp-content\/uploads\/2018\/09\/picto-devis-450x157.png 450w, https:\/\/www.transports-coue.fr\/wp-content\/uploads\/2018\/09\/picto-devis.png 945w\" sizes=\"auto, (max-width: 149px) 100vw, 149px\" \/><\/a><\/h1>\n<h1>Faisons la route<\/h1>\n<h1>ensemble &#8230;<\/h1>\n<h1><\/h1>\n<h1><\/h1>\n<h1><\/h1>\n<\/div><\/section>\n\n<\/div><\/div><\/div><!-- close content main div --><\/div><\/div>\n<style type=\"text\/css\" data-created_by=\"avia_inline_auto\" id=\"style-css-av-jtg31l8o-20557bfc09d7e2a9c81d9c5d6de29bc5\">\n.avia-section.av-jtg31l8o-20557bfc09d7e2a9c81d9c5d6de29bc5{\nbackground-color:rgba(232,232,232,0.01);\nbackground-image:url(https:\/\/www.transports-coue.fr\/wp-content\/uploads\/2018\/09\/img-1030x349.png);\nbackground-repeat:no-repeat;\nbackground-position:50% 50%;\nbackground-attachment:scroll;\n}\n<\/style>\n<div id='av_section_3'  class='avia-section av-jtg31l8o-20557bfc09d7e2a9c81d9c5d6de29bc5 main_color avia-section-no-padding avia-shadow  avia-builder-el-3  el_after_av_section  el_before_av_section  av-desktop-hide av-medium-hide avia-bg-style-scroll av-minimum-height av-minimum-height-custom av-height-custom  container_wrap fullsize'  data-section-bg-repeat='no-repeat' data-av_minimum_height_px='250'><div class='container av-section-cont-open' style='height:250px'><div class='template-page content  av-content-full alpha units'><div class='post-entry post-entry-type-page post-entry-33'><div class='entry-content-wrapper clearfix'>\n\n<style type=\"text\/css\" data-created_by=\"avia_inline_auto\" id=\"style-css-av-26gn1-94dc80098d739d825c0e43527d3e3df9\">\n.flex_column.av-26gn1-94dc80098d739d825c0e43527d3e3df9{\nborder-radius:0px 0px 0px 0px;\npadding:30px 0px 0px 0px;\n}\n<\/style>\n<div  class='flex_column av-26gn1-94dc80098d739d825c0e43527d3e3df9 av_one_full  avia-builder-el-4  avia-builder-el-no-sibling  first flex_column_div avia-full-stretch  '     ><style type=\"text\/css\" data-created_by=\"avia_inline_auto\" id=\"style-css-av-jmgasd9v-e9b4b53333f81dd62485353ff18285d5\">\n#top .av_textblock_section.av-jmgasd9v-e9b4b53333f81dd62485353ff18285d5 .avia_textblock{\nfont-size:20px;\n}\n<\/style>\n<section  class='av_textblock_section av-jmgasd9v-e9b4b53333f81dd62485353ff18285d5 '   itemscope=\"itemscope\" itemtype=\"https:\/\/schema.org\/CreativeWork\" ><div class='avia_textblock av_inherit_color'  itemprop=\"text\" ><h1><img loading=\"lazy\" decoding=\"async\" class=\"alignleft wp-image-353\" src=\"http:\/\/www2.transports-coue.fr\/fr\/wp-content\/uploads\/2018\/10\/transports-coue-o-245x300.png\" alt=\"\" width=\"38\" height=\"47\" srcset=\"https:\/\/www.transports-coue.fr\/wp-content\/uploads\/2018\/10\/transports-coue-o-245x300.png 245w, https:\/\/www.transports-coue.fr\/wp-content\/uploads\/2018\/10\/transports-coue-o-575x705.png 575w, https:\/\/www.transports-coue.fr\/wp-content\/uploads\/2018\/10\/transports-coue-o-450x551.png 450w, https:\/\/www.transports-coue.fr\/wp-content\/uploads\/2018\/10\/transports-coue-o.png 590w\" sizes=\"auto, (max-width: 38px) 100vw, 38px\" \/>FAISONS LA ROUTE<br \/>\nENSEMBLE &#8230;<\/h1>\n<p><a href=\"https:\/\/www.transports-coue.fr\/fr\/contact\/\" target=\"_blank\" rel=\"noopener\"><img loading=\"lazy\" decoding=\"async\" class=\"alignright wp-image-44\" src=\"http:\/\/www2.transports-coue.fr\/fr\/wp-content\/uploads\/2018\/09\/picto-devis-300x105.png\" alt=\"\" width=\"149\" height=\"52\" srcset=\"https:\/\/www.transports-coue.fr\/wp-content\/uploads\/2018\/09\/picto-devis-300x105.png 300w, https:\/\/www.transports-coue.fr\/wp-content\/uploads\/2018\/09\/picto-devis-768x268.png 768w, https:\/\/www.transports-coue.fr\/wp-content\/uploads\/2018\/09\/picto-devis-705x246.png 705w, https:\/\/www.transports-coue.fr\/wp-content\/uploads\/2018\/09\/picto-devis-450x157.png 450w, https:\/\/www.transports-coue.fr\/wp-content\/uploads\/2018\/09\/picto-devis.png 945w\" sizes=\"auto, (max-width: 149px) 100vw, 149px\" \/><\/a><\/p>\n<\/div><\/section><\/div>\n\n<\/div><\/div><\/div><!-- close content main div --><\/div><\/div>\n<style type=\"text\/css\" data-created_by=\"avia_inline_auto\" id=\"style-css-av-lslu875f-673946eb35cd08c88d569d6b5475ff4e\">\n.avia-section.av-lslu875f-673946eb35cd08c88d569d6b5475ff4e{\nbackground-color:rgba(232,232,232,0.01);\nbackground-image:url(https:\/\/www.transports-coue.fr\/wp-content\/uploads\/2018\/09\/img.png);\nbackground-repeat:no-repeat;\nbackground-position:50% 50%;\nbackground-attachment:scroll;\n}\n<\/style>\n<div id='av_section_4'  class='avia-section av-lslu875f-673946eb35cd08c88d569d6b5475ff4e main_color avia-section-default avia-shadow  avia-builder-el-6  el_after_av_section  el_before_av_one_third  av-desktop-hide av-medium-hide av-small-hide av-mini-hide avia-bg-style-scroll av-minimum-height av-minimum-height-custom av-height-custom  container_wrap fullsize'  data-section-bg-repeat='no-repeat' data-av_minimum_height_px='250'><div class='container av-section-cont-open' style='height:250px'><div class='template-page content  av-content-full alpha units'><div class='post-entry post-entry-type-page post-entry-33'><div class='entry-content-wrapper clearfix'>\n\n<style type=\"text\/css\" data-created_by=\"avia_inline_auto\" id=\"style-css-av-q4x5-c065609cff829caf7cf3d96b5d3e2b73\">\n.flex_column.av-q4x5-c065609cff829caf7cf3d96b5d3e2b73{\nborder-radius:0px 0px 0px 0px;\npadding:30px 0px 0px 0px;\n}\n<\/style>\n<div  class='flex_column av-q4x5-c065609cff829caf7cf3d96b5d3e2b73 av_one_full  avia-builder-el-7  avia-builder-el-no-sibling  first flex_column_div avia-full-stretch  '     ><section  class='av_textblock_section av-lsltox6y-59a5ee84eae319edd7dab951b68e5f8a '   itemscope=\"itemscope\" itemtype=\"https:\/\/schema.org\/CreativeWork\" ><div class='avia_textblock'  itemprop=\"text\" ><h1><\/h1>\n<h1><a href=\"https:\/\/www.transports-coue.fr\/fr\/contact\/\" target=\"_blank\" rel=\"noopener\"><img loading=\"lazy\" decoding=\"async\" class=\"alignright wp-image-44\" src=\"http:\/\/www2.transports-coue.fr\/fr\/wp-content\/uploads\/2018\/09\/picto-devis-300x105.png\" alt=\"\" width=\"149\" height=\"52\" srcset=\"https:\/\/www.transports-coue.fr\/wp-content\/uploads\/2018\/09\/picto-devis-300x105.png 300w, https:\/\/www.transports-coue.fr\/wp-content\/uploads\/2018\/09\/picto-devis-768x268.png 768w, https:\/\/www.transports-coue.fr\/wp-content\/uploads\/2018\/09\/picto-devis-705x246.png 705w, https:\/\/www.transports-coue.fr\/wp-content\/uploads\/2018\/09\/picto-devis-450x157.png 450w, https:\/\/www.transports-coue.fr\/wp-content\/uploads\/2018\/09\/picto-devis.png 945w\" sizes=\"auto, (max-width: 149px) 100vw, 149px\" \/><\/a><\/h1>\n<h1><\/h1>\n<h1><img loading=\"lazy\" decoding=\"async\" class=\"alignleft wp-image-353\" src=\"http:\/\/www2.transports-coue.fr\/fr\/wp-content\/uploads\/2018\/10\/transports-coue-o-245x300.png\" alt=\"\" width=\"38\" height=\"47\" srcset=\"https:\/\/www.transports-coue.fr\/wp-content\/uploads\/2018\/10\/transports-coue-o-245x300.png 245w, https:\/\/www.transports-coue.fr\/wp-content\/uploads\/2018\/10\/transports-coue-o-575x705.png 575w, https:\/\/www.transports-coue.fr\/wp-content\/uploads\/2018\/10\/transports-coue-o-450x551.png 450w, https:\/\/www.transports-coue.fr\/wp-content\/uploads\/2018\/10\/transports-coue-o.png 590w\" sizes=\"auto, (max-width: 38px) 100vw, 38px\" \/><\/h1>\n<h1>FAISONS LA ROUTE<br \/>\nENSEMBLE &#8230;<\/h1>\n<\/div><\/section><\/div>\n<\/div><\/div><\/div><!-- close content main div --><\/div><\/div><div id='after_section_4'  class='main_color av_default_container_wrap container_wrap fullsize'  ><div class='container av-section-cont-open' ><div class='template-page content  av-content-full alpha units'><div class='post-entry post-entry-type-page post-entry-33'><div class='entry-content-wrapper clearfix'>\n<div class='flex_column_table av-1c1f9-6552575cb7171673b04a428f18b95ad8 sc-av_one_third av-equal-height-column-flextable'>\n<style type=\"text\/css\" data-created_by=\"avia_inline_auto\" id=\"style-css-av-1c1f9-6552575cb7171673b04a428f18b95ad8\">\n.flex_column.av-1c1f9-6552575cb7171673b04a428f18b95ad8{\nborder-radius:0px 0px 0px 0px;\npadding:0px 0px 0px 0px;\n}\n<\/style>\n<div  class='flex_column av-1c1f9-6552575cb7171673b04a428f18b95ad8 av_one_third  avia-builder-el-9  el_after_av_section  el_before_av_two_third  avia-builder-el-first  first flex_column_table_cell av-equal-height-column av-align-middle av-zero-column-padding  '     ><p>\n<style type=\"text\/css\" data-created_by=\"avia_inline_auto\" id=\"style-css-av-jmgaw5sj-a7f7f8519dff3959c984a10e9a330205\">\n.avia-image-container.av-jmgaw5sj-a7f7f8519dff3959c984a10e9a330205 img.avia_image{\nbox-shadow:none;\n}\n.avia-image-container.av-jmgaw5sj-a7f7f8519dff3959c984a10e9a330205 .av-image-caption-overlay-center{\ncolor:#ffffff;\n}\n<\/style>\n<div  class='avia-image-container av-jmgaw5sj-a7f7f8519dff3959c984a10e9a330205 av-styling- avia-align-center  avia-builder-el-10  el_before_av_hr  avia-builder-el-first '   itemprop=\"image\" itemscope=\"itemscope\" itemtype=\"https:\/\/schema.org\/ImageObject\" ><div class=\"avia-image-container-inner\"><div class=\"avia-image-overlay-wrap\"><img decoding=\"async\" fetchpriority=\"high\" class='wp-image-9719 avia-img-lazy-loading-not-9719 avia_image ' src=\"https:\/\/www.transports-coue.fr\/wp-content\/uploads\/2024\/01\/francois-coue-dirigeant-groupe-coue-trm-n2.webp\" alt='Photo de Fran\u00e7ois Cou\u00e9' title='francois-coue-dirigeant-groupe-coue-trm-n2'  height=\"1167\" width=\"682\"  itemprop=\"thumbnailUrl\" srcset=\"https:\/\/www.transports-coue.fr\/wp-content\/uploads\/2024\/01\/francois-coue-dirigeant-groupe-coue-trm-n2.webp 682w, https:\/\/www.transports-coue.fr\/wp-content\/uploads\/2024\/01\/francois-coue-dirigeant-groupe-coue-trm-n2-175x300.webp 175w, https:\/\/www.transports-coue.fr\/wp-content\/uploads\/2024\/01\/francois-coue-dirigeant-groupe-coue-trm-n2-602x1030.webp 602w, https:\/\/www.transports-coue.fr\/wp-content\/uploads\/2024\/01\/francois-coue-dirigeant-groupe-coue-trm-n2-47x80.webp 47w, https:\/\/www.transports-coue.fr\/wp-content\/uploads\/2024\/01\/francois-coue-dirigeant-groupe-coue-trm-n2-412x705.webp 412w\" sizes=\"(max-width: 682px) 100vw, 682px\" \/><\/div><\/div><\/div><br \/>\n\n<style type=\"text\/css\" data-created_by=\"avia_inline_auto\" id=\"style-css-av-ktbl5ea9-417d8d188fe994df3a70fd9bf5ecdd6c\">\n#top .hr.hr-invisible.av-ktbl5ea9-417d8d188fe994df3a70fd9bf5ecdd6c{\nheight:30px;\n}\n<\/style>\n<div  class='hr av-ktbl5ea9-417d8d188fe994df3a70fd9bf5ecdd6c hr-invisible  avia-builder-el-11  el_after_av_image  avia-builder-el-last '><span class='hr-inner '><span class=\"hr-inner-style\"><\/span><\/span><\/div><\/p><\/div>\n<div class='av-flex-placeholder'><\/div>\n<style type=\"text\/css\" data-created_by=\"avia_inline_auto\" id=\"style-css-av-ufs5-7f25535a9966728ea1acde13780b7560\">\n.flex_column.av-ufs5-7f25535a9966728ea1acde13780b7560{\nborder-radius:0px 0px 0px 0px;\npadding:0px 0px 0px 0px;\n}\n<\/style>\n<div  class='flex_column av-ufs5-7f25535a9966728ea1acde13780b7560 av_two_third  avia-builder-el-12  el_after_av_one_third  el_before_av_textblock  flex_column_table_cell av-equal-height-column av-align-middle av-zero-column-padding  '     ><style type=\"text\/css\" data-created_by=\"avia_inline_auto\" id=\"style-css-av-jmgawmne-56c6cd35560d85e4534c9c10a5dc20ec\">\n#top .av_textblock_section.av-jmgawmne-56c6cd35560d85e4534c9c10a5dc20ec .avia_textblock{\nfont-size:18px;\n}\n<\/style>\n<section  class='av_textblock_section av-jmgawmne-56c6cd35560d85e4534c9c10a5dc20ec '   itemscope=\"itemscope\" itemtype=\"https:\/\/schema.org\/CreativeWork\" ><div class='avia_textblock'  itemprop=\"text\" >\n<style type=\"text\/css\" data-created_by=\"avia_inline_auto\" id=\"style-css-av-1f1zl-ac6d48eb0c468c59839bfec30c7c20c6\">\n.av_font_icon.av-1f1zl-ac6d48eb0c468c59839bfec30c7c20c6{\ncolor:#a81010;\nborder-color:#a81010;\n}\n.avia-svg-icon.av-1f1zl-ac6d48eb0c468c59839bfec30c7c20c6 svg:first-child{\nstroke:#a81010;\nfill:#a81010;\n}\n.av_font_icon.av-1f1zl-ac6d48eb0c468c59839bfec30c7c20c6 .av-icon-char{\nfont-size:25px;\nline-height:25px;\n}\n<\/style>\n<span  class='av_font_icon av-1f1zl-ac6d48eb0c468c59839bfec30c7c20c6 avia_animate_when_visible av-icon-style- avia-icon-pos-left avia-iconfont avia-font-entypo-fontello avia-icon-animate'><span class='av-icon-char' data-av_icon='\ue833' data-av_iconfont='entypo-fontello' aria-hidden=\"true\" ><\/span><\/span>\n<p><strong>Biberonn\u00e9 au gasoil, le transport, c&rsquo;est toute ma vie et ma passion !<\/strong><\/p>\n<p>J&rsquo;ai d\u00e9marr\u00e9 ma vie professionnelle en 1999 chez TRM comme pr\u00e9parateur de commandes durant un an.\u00a0 En 2013, j&rsquo;ai repris l&rsquo;entreprise familiale, TRANSPORTS COUE, qui avait \u00e9t\u00e9 cr\u00e9\u00e9e par mon p\u00e8re Francis Cou\u00e9 en 1983.<\/p>\n<p>Depuis mon exp\u00e9rience chez TRM, j&rsquo;ai continu\u00e9 \u00e0 suivre son \u00e9volution avec un \u0153il attentif et bienveillant, et c&rsquo;est naturellement qu&rsquo;en 2018 je me suis rapproch\u00e9 de son dirigeant pour lui faire part de mon int\u00e9r\u00eat pour TRM et ses entit\u00e9s.<\/p>\n<p>21 ans plus tard le pr\u00e9parateur de commandes a fait un bout de chemin&#8230;<\/p>\n<p>Ce nouvel ensemble COUE et les entit\u00e9s TRM (TCM, ELM, SOTECAN INTERNATIONAL) nous permet d&rsquo;offrir une palette de solutions diversifi\u00e9es et nous rend plus fort pour affronter les d\u00e9fis \u00e9conomiques, environnementaux, soci\u00e9taux d&rsquo;aujourd&rsquo;hui et de demain !<\/p>\n<p>J&rsquo;ai de la chance d&rsquo;avoir des \u00e9quipes reMarquables que je sais tr\u00e8s investies et sur lesquelles je peux compter pour d\u00e9placer des montagnes ! \n<style type=\"text\/css\" data-created_by=\"avia_inline_auto\" id=\"style-css-av-ojqt-fc44213b3be278e8346f3df4b2a296be\">\n.av_font_icon.av-ojqt-fc44213b3be278e8346f3df4b2a296be{\ncolor:#a81010;\nborder-color:#a81010;\n}\n.avia-svg-icon.av-ojqt-fc44213b3be278e8346f3df4b2a296be svg:first-child{\nstroke:#a81010;\nfill:#a81010;\n}\n.av_font_icon.av-ojqt-fc44213b3be278e8346f3df4b2a296be .av-icon-char{\nfont-size:25px;\nline-height:25px;\n}\n<\/style>\n<span  class='av_font_icon av-ojqt-fc44213b3be278e8346f3df4b2a296be avia_animate_when_visible av-icon-style- avia-icon-pos-right avia-iconfont avia-font-entypo-fontello avia-icon-animate'><span class='av-icon-char' data-av_icon='\ue833' data-av_iconfont='entypo-fontello' aria-hidden=\"true\" ><\/span><\/span><\/p>\n<p>Fran\u00e7ois Cou\u00e9<\/p>\n<p><img loading=\"lazy\" decoding=\"async\" class=\"alignnone size-full wp-image-40\" src=\"http:\/\/www2.transports-coue.fr\/fr\/wp-content\/uploads\/2018\/09\/img-1.jpeg\" alt=\"\" width=\"100\" height=\"100\" srcset=\"https:\/\/www.transports-coue.fr\/wp-content\/uploads\/2018\/09\/img-1.jpeg 100w, https:\/\/www.transports-coue.fr\/wp-content\/uploads\/2018\/09\/img-1-80x80.jpeg 80w, https:\/\/www.transports-coue.fr\/wp-content\/uploads\/2018\/09\/img-1-36x36.jpeg 36w\" sizes=\"auto, (max-width: 100px) 100vw, 100px\" \/><\/p>\n<\/div><\/section><\/div><\/div><!--close column table wrapper. Autoclose: 1 -->\n<section  class='av_textblock_section av-jmgasd9v-1-68f3a8bb487437d806ed6c88f04adacc '   itemscope=\"itemscope\" itemtype=\"https:\/\/schema.org\/CreativeWork\" ><div class='av-desktop-hide av-medium-hide av-small-hide av-mini-hide avia_textblock'  itemprop=\"text\" ><h1>FAISONS LA ROUTE<br \/>\nENSEMBLE\u2026<\/h1>\n<p><a href=\"\/fr\/contact\"><img loading=\"lazy\" decoding=\"async\" class=\"alignright wp-image-44\" src=\"http:\/\/www2.transports-coue.fr\/fr\/wp-content\/uploads\/2018\/09\/picto-devis-300x105.png\" alt=\"\" width=\"149\" height=\"52\" srcset=\"https:\/\/www.transports-coue.fr\/wp-content\/uploads\/2018\/09\/picto-devis-300x105.png 300w, https:\/\/www.transports-coue.fr\/wp-content\/uploads\/2018\/09\/picto-devis-768x268.png 768w, https:\/\/www.transports-coue.fr\/wp-content\/uploads\/2018\/09\/picto-devis-705x246.png 705w, https:\/\/www.transports-coue.fr\/wp-content\/uploads\/2018\/09\/picto-devis-450x157.png 450w, https:\/\/www.transports-coue.fr\/wp-content\/uploads\/2018\/09\/picto-devis.png 945w\" sizes=\"auto, (max-width: 149px) 100vw, 149px\" \/><\/a><\/p>\n<\/div><\/section>\n","protected":false},"excerpt":{"rendered":"","protected":false},"author":1,"featured_media":0,"parent":1538,"menu_order":2,"comment_status":"closed","ping_status":"closed","template":"","meta":{"om_disable_all_campaigns":false,"_monsterinsights_skip_tracking":false,"_monsterinsights_sitenote_active":false,"_monsterinsights_sitenote_note":"","_monsterinsights_sitenote_category":0,"footnotes":""},"class_list":["post-33","page","type-page","status-publish","hentry"],"aioseo_notices":[],"_links":{"self":[{"href":"https:\/\/www.transports-coue.fr\/fr\/wp-json\/wp\/v2\/pages\/33","targetHints":{"allow":["GET"]}}],"collection":[{"href":"https:\/\/www.transports-coue.fr\/fr\/wp-json\/wp\/v2\/pages"}],"about":[{"href":"https:\/\/www.transports-coue.fr\/fr\/wp-json\/wp\/v2\/types\/page"}],"author":[{"embeddable":true,"href":"https:\/\/www.transports-coue.fr\/fr\/wp-json\/wp\/v2\/users\/1"}],"replies":[{"embeddable":true,"href":"https:\/\/www.transports-coue.fr\/fr\/wp-json\/wp\/v2\/comments?post=33"}],"version-history":[{"count":33,"href":"https:\/\/www.transports-coue.fr\/fr\/wp-json\/wp\/v2\/pages\/33\/revisions"}],"predecessor-version":[{"id":10942,"href":"https:\/\/www.transports-coue.fr\/fr\/wp-json\/wp\/v2\/pages\/33\/revisions\/10942"}],"up":[{"embeddable":true,"href":"https:\/\/www.transports-coue.fr\/fr\/wp-json\/wp\/v2\/pages\/1538"}],"wp:attachment":[{"href":"https:\/\/www.transports-coue.fr\/fr\/wp-json\/wp\/v2\/media?parent=33"}],"curies":[{"name":"wp","href":"https:\/\/api.w.org\/{rel}","templated":true}]}}