{"id":3,"date":"2018-09-19T10:07:23","date_gmt":"2018-09-19T08:07:23","guid":{"rendered":"http:\/\/transports-coue.fr\/?page_id=3"},"modified":"2024-09-04T10:05:35","modified_gmt":"2024-09-04T08:05:35","slug":"politique-de-confidentialite","status":"publish","type":"page","link":"https:\/\/www.transports-coue.fr\/fr\/politique-de-confidentialite\/","title":{"rendered":"Politique de confidentialit\u00e9"},"content":{"rendered":"\n<style type=\"text\/css\" data-created_by=\"avia_inline_auto\" id=\"style-css-av-lsvupvcf-a0c1d6f892903b50245fb0943d55634b\">\n.avia-section.av-lsvupvcf-a0c1d6f892903b50245fb0943d55634b{\nbackground-color:rgba(232,232,232,0.01);\nbackground-image:url(https:\/\/www.transports-coue.fr\/wp-content\/uploads\/2024\/02\/notre-equipe-gagnante-groupe-coue-trm-football-e1707933610116.webp);\nbackground-repeat:no-repeat;\nbackground-position:50% 50%;\nbackground-attachment:scroll;\n}\n<\/style>\n<div id='av_section_1'  class='avia-section av-lsvupvcf-a0c1d6f892903b50245fb0943d55634b main_color avia-section-default avia-shadow  avia-builder-el-0  el_before_av_section  avia-builder-el-first  av-small-hide av-mini-hide avia-bg-style-scroll av-minimum-height av-minimum-height-custom av-height-custom  container_wrap fullsize'  data-section-bg-repeat='no-repeat' data-av_minimum_height_px='320'><div class='container av-section-cont-open' style='height:320px'><main  role=\"main\" itemprop=\"mainContentOfPage\"  class='template-page content  av-content-full alpha units'><div class='post-entry post-entry-type-page post-entry-3'><div class='entry-content-wrapper clearfix'>\n<\/div><\/div><\/main><!-- close content main element --><\/div><\/div>\n<style type=\"text\/css\" data-created_by=\"avia_inline_auto\" id=\"style-css-av-3dst-703463cc8b5ce35556b9b4782a35362a\">\n.avia-section.av-3dst-703463cc8b5ce35556b9b4782a35362a{\nbackground-color:#ffffff;\nbackground-image:unset;\n}\n<\/style>\n<div id='av_section_2'  class='avia-section av-3dst-703463cc8b5ce35556b9b4782a35362a main_color avia-section-default avia-shadow  avia-builder-el-1  el_after_av_section  el_before_av_section  av-small-hide av-mini-hide avia-bg-style-scroll av-minimum-height av-minimum-height-custom av-height-custom  container_wrap fullsize'   data-av_minimum_height_px='50'><div class='container av-section-cont-open' style='height:50px'><div class='template-page content  av-content-full alpha units'><div class='post-entry post-entry-type-page post-entry-3'><div class='entry-content-wrapper clearfix'>\n<section  class='av_textblock_section av-lsvuqeyr-efa8944863381ee4803464a023183da0 '   itemscope=\"itemscope\" itemtype=\"https:\/\/schema.org\/CreativeWork\" ><div class='avia_textblock'  itemprop=\"text\" ><h1><img loading=\"lazy\" decoding=\"async\" class=\"alignleft wp-image-353\" src=\"http:\/\/www2.transports-coue.fr\/fr\/wp-content\/uploads\/2018\/10\/transports-coue-o-245x300.png\" alt=\"\" width=\"65\" height=\"80\" srcset=\"https:\/\/www.transports-coue.fr\/wp-content\/uploads\/2018\/10\/transports-coue-o-245x300.png 245w, https:\/\/www.transports-coue.fr\/wp-content\/uploads\/2018\/10\/transports-coue-o-575x705.png 575w, https:\/\/www.transports-coue.fr\/wp-content\/uploads\/2018\/10\/transports-coue-o-450x551.png 450w, https:\/\/www.transports-coue.fr\/wp-content\/uploads\/2018\/10\/transports-coue-o.png 590w\" sizes=\"auto, (max-width: 65px) 100vw, 65px\" \/><\/h1>\n<h1><a href=\"https:\/\/www.transports-coue.fr\/fr\/contact\/\" target=\"_blank\" rel=\"noopener\"><img loading=\"lazy\" decoding=\"async\" class=\"alignright wp-image-44\" src=\"http:\/\/www2.transports-coue.fr\/fr\/wp-content\/uploads\/2018\/09\/picto-devis-300x105.png\" alt=\"\" width=\"149\" height=\"52\" srcset=\"https:\/\/www.transports-coue.fr\/wp-content\/uploads\/2018\/09\/picto-devis-300x105.png 300w, https:\/\/www.transports-coue.fr\/wp-content\/uploads\/2018\/09\/picto-devis-768x268.png 768w, https:\/\/www.transports-coue.fr\/wp-content\/uploads\/2018\/09\/picto-devis-705x246.png 705w, https:\/\/www.transports-coue.fr\/wp-content\/uploads\/2018\/09\/picto-devis-450x157.png 450w, https:\/\/www.transports-coue.fr\/wp-content\/uploads\/2018\/09\/picto-devis.png 945w\" sizes=\"auto, (max-width: 149px) 100vw, 149px\" \/><\/a><\/h1>\n<h1>Politique de<\/h1>\n<h1>Confidentialit\u00e9<\/h1>\n<h1><\/h1>\n<h1><\/h1>\n<h1><\/h1>\n<\/div><\/section>\n\n<\/div><\/div><\/div><!-- close content main div --><\/div><\/div>\n<style type=\"text\/css\" data-created_by=\"avia_inline_auto\" id=\"style-css-av-jtg1k3h3-fb4521585ab1bf83500e8d42ae3e5ea8\">\n.avia-section.av-jtg1k3h3-fb4521585ab1bf83500e8d42ae3e5ea8{\nbackground-color:rgba(232,232,232,0.01);\nbackground-image:url(https:\/\/www.transports-coue.fr\/wp-content\/uploads\/2018\/09\/img.png);\nbackground-repeat:no-repeat;\nbackground-position:50% 50%;\nbackground-attachment:scroll;\n}\n<\/style>\n<div id='av_section_3'  class='avia-section av-jtg1k3h3-fb4521585ab1bf83500e8d42ae3e5ea8 main_color avia-section-default avia-shadow  avia-builder-el-3  el_after_av_section  el_before_av_section  av-desktop-hide av-medium-hide av-small-hide av-mini-hide avia-bg-style-scroll av-minimum-height av-minimum-height-custom av-height-custom  container_wrap fullsize'  data-section-bg-repeat='no-repeat' data-av_minimum_height_px='250'><div class='container av-section-cont-open' style='height:250px'><div class='template-page content  av-content-full alpha units'><div class='post-entry post-entry-type-page post-entry-3'><div class='entry-content-wrapper clearfix'>\n\n<style type=\"text\/css\" data-created_by=\"avia_inline_auto\" id=\"style-css-av-26gn1-94dc80098d739d825c0e43527d3e3df9\">\n.flex_column.av-26gn1-94dc80098d739d825c0e43527d3e3df9{\nborder-radius:0px 0px 0px 0px;\npadding:30px 0px 0px 0px;\n}\n<\/style>\n<div  class='flex_column av-26gn1-94dc80098d739d825c0e43527d3e3df9 av_one_full  avia-builder-el-4  avia-builder-el-no-sibling  first flex_column_div avia-full-stretch  '     ><section  class='av_textblock_section av-jmgasd9v-a70c45750c1b7042e6ab8aca56a4d469 '   itemscope=\"itemscope\" itemtype=\"https:\/\/schema.org\/CreativeWork\" ><div class='avia_textblock'  itemprop=\"text\" ><h1><img loading=\"lazy\" decoding=\"async\" class=\" wp-image-353 alignleft\" src=\"http:\/\/www2.transports-coue.fr\/fr\/wp-content\/uploads\/2018\/10\/transports-coue-o-245x300.png\" alt=\"\" width=\"65\" height=\"79\" srcset=\"https:\/\/www.transports-coue.fr\/wp-content\/uploads\/2018\/10\/transports-coue-o-245x300.png 245w, https:\/\/www.transports-coue.fr\/wp-content\/uploads\/2018\/10\/transports-coue-o-575x705.png 575w, https:\/\/www.transports-coue.fr\/wp-content\/uploads\/2018\/10\/transports-coue-o-450x551.png 450w, https:\/\/www.transports-coue.fr\/wp-content\/uploads\/2018\/10\/transports-coue-o.png 590w\" sizes=\"auto, (max-width: 65px) 100vw, 65px\" \/>POLITIQUE DE<\/h1>\n<h1>CONFIDENTIALITE<\/h1>\n<\/div><\/section><\/div>\n\n<\/div><\/div><\/div><!-- close content main div --><\/div><\/div>\n<style type=\"text\/css\" data-created_by=\"avia_inline_auto\" id=\"style-css-av-jtg31l8o-20557bfc09d7e2a9c81d9c5d6de29bc5\">\n.avia-section.av-jtg31l8o-20557bfc09d7e2a9c81d9c5d6de29bc5{\nbackground-color:rgba(232,232,232,0.01);\nbackground-image:url(https:\/\/www.transports-coue.fr\/wp-content\/uploads\/2018\/09\/img-1030x349.png);\nbackground-repeat:no-repeat;\nbackground-position:50% 50%;\nbackground-attachment:scroll;\n}\n<\/style>\n<div id='av_section_4'  class='avia-section av-jtg31l8o-20557bfc09d7e2a9c81d9c5d6de29bc5 main_color avia-section-no-padding avia-shadow  avia-builder-el-6  el_after_av_section  el_before_av_one_full  av-desktop-hide av-medium-hide avia-bg-style-scroll av-minimum-height av-minimum-height-custom av-height-custom  container_wrap fullsize'  data-section-bg-repeat='no-repeat' data-av_minimum_height_px='250'><div class='container av-section-cont-open' style='height:250px'><div class='template-page content  av-content-full alpha units'><div class='post-entry post-entry-type-page post-entry-3'><div class='entry-content-wrapper clearfix'>\n\n<style type=\"text\/css\" data-created_by=\"avia_inline_auto\" id=\"style-css-av-26gn1-3-56cc0959c033c5d8aa4616471f707f61\">\n.flex_column.av-26gn1-3-56cc0959c033c5d8aa4616471f707f61{\nborder-radius:0px 0px 0px 0px;\npadding:30px 0px 0px 0px;\n}\n<\/style>\n<div  class='flex_column av-26gn1-3-56cc0959c033c5d8aa4616471f707f61 av_one_full  avia-builder-el-7  avia-builder-el-no-sibling  first flex_column_div avia-full-stretch  '     ><section  class='av_textblock_section av-jmgasd9v-2-a24b7713a6af20e18febd79090353ec2 '   itemscope=\"itemscope\" itemtype=\"https:\/\/schema.org\/CreativeWork\" ><div class='avia_textblock'  itemprop=\"text\" ><h1><img loading=\"lazy\" decoding=\"async\" class=\"alignleft wp-image-353\" src=\"http:\/\/www2.transports-coue.fr\/fr\/wp-content\/uploads\/2018\/10\/transports-coue-o-245x300.png\" alt=\"\" width=\"35\" height=\"43\" srcset=\"https:\/\/www.transports-coue.fr\/wp-content\/uploads\/2018\/10\/transports-coue-o-245x300.png 245w, https:\/\/www.transports-coue.fr\/wp-content\/uploads\/2018\/10\/transports-coue-o-575x705.png 575w, https:\/\/www.transports-coue.fr\/wp-content\/uploads\/2018\/10\/transports-coue-o-450x551.png 450w, https:\/\/www.transports-coue.fr\/wp-content\/uploads\/2018\/10\/transports-coue-o.png 590w\" sizes=\"auto, (max-width: 35px) 100vw, 35px\" \/>POLITIQUE DE<\/h1>\n<h1>CONFIDENTIALITE<\/h1>\n<\/div><\/section><\/div>\n<\/div><\/div><\/div><!-- close content main div --><\/div><\/div><div id='after_section_4'  class='main_color av_default_container_wrap container_wrap fullsize'  ><div class='container av-section-cont-open' ><div class='template-page content  av-content-full alpha units'><div class='post-entry post-entry-type-page post-entry-3'><div class='entry-content-wrapper clearfix'>\n\n<style type=\"text\/css\" data-created_by=\"avia_inline_auto\" id=\"style-css-av-9e80b-de18d3d83c7c4958c07ca3d25508df4e\">\n.flex_column.av-9e80b-de18d3d83c7c4958c07ca3d25508df4e{\nborder-radius:0px 0px 0px 0px;\npadding:0px 0px 0px 0px;\n}\n<\/style>\n<div  class='flex_column av-9e80b-de18d3d83c7c4958c07ca3d25508df4e av_one_full  avia-builder-el-9  el_after_av_section  avia-builder-el-no-sibling  first flex_column_div av-zero-column-padding  '     ><section  class='av_textblock_section av-jmqaqrrd-be8c5d9cbc93eeca86d860a4529d79d2 '   itemscope=\"itemscope\" itemtype=\"https:\/\/schema.org\/CreativeWork\" ><div class='avia_textblock'  itemprop=\"text\" ><p><strong>INTRODUCTION<\/strong><\/p>\n<p>L\u2019adresse de notre site Web est\u00a0: https:\/\/www.transports-coue.fr.<\/p>\n<p>Nous prenons au s\u00e9rieux la protection et le respect de la vie priv\u00e9e des utilisateurs de notre site web et prenons les mesures n\u00e9cessaires pour le garantir. Nous nous engageons donc \u00e0 respecter la confidentialit\u00e9 des renseignements personnels que nous collectons selon les modalit\u00e9s d\u00e9crites ci-dessous. Nos utilisateurs trouveront dans la pr\u00e9sente Politique de confidentialit\u00e9 les renseignements personnels que nous collectons \u00e0 leur sujet, \u00e0 quelles fins ces renseignements sont utilis\u00e9s, les moyens de les collecter, les moyens dont les utilisateurs disposent pour s\u2019opposer \u00e0 la collecte ainsi que les mesures de s\u00e9curit\u00e9 prises pour prot\u00e9ger leurs renseignements personnels.<\/p>\n<p><strong>UTILISATION DES DONN\u00c9ES PERSONNELLES COLLECT\u00c9ES<\/strong><\/p>\n<p><strong>Commentaires<\/strong><\/p>\n<p>Quand vous laissez un commentaire sur notre site web, les donn\u00e9es inscrites dans le formulaire de commentaire, mais aussi votre adresse IP et l\u2019agent utilisateur de votre navigateur sont collect\u00e9s et v\u00e9rifi\u00e9s pour nous aider \u00e0 la d\u00e9tection des commentaires ind\u00e9sirables.<\/p>\n<p>Une cha\u00eene anonyme cr\u00e9\u00e9e \u00e0 partir de votre adresse de messagerie (\u00e9galement appel\u00e9e hash) peut \u00eatre envoy\u00e9e au service Gravatar pour v\u00e9rifier si vous utilisez ce dernier. Les clauses de confidentialit\u00e9 du service Gravatar sont disponibles ici : https:\/\/automattic.com\/privacy\/. Apr\u00e8s validation de votre commentaire, votre photo de profil sera visible publiquement \u00e0 cot\u00e9 de votre commentaire.<\/p>\n<p><strong>M\u00e9dias<\/strong><\/p>\n<p>Si vous \u00eates un utilisateur ou une utilisatrice enregistr\u00e9\u00b7e et que vous t\u00e9l\u00e9versez des images sur le site web, nous vous conseillons d\u2019\u00e9viter de t\u00e9l\u00e9verser des images contenant des donn\u00e9es EXIF de coordonn\u00e9es GPS. Les visiteurs de votre site web peuvent t\u00e9l\u00e9charger et extraire des donn\u00e9es de localisation depuis ces images.<\/p>\n<p><strong>Formulaires de contact et de candidature<\/strong><\/p>\n<p>Nous collectons les renseignements aupr\u00e8s de vous par le biais de formulaire de contact et de candidature :<\/p>\n<ul>\n<li>Nom<\/li>\n<li>Pr\u00e9nom<\/li>\n<li>Soci\u00e9t\u00e9<\/li>\n<li>Adresse \u00e9lectronique, e-mail<\/li>\n<li>Num\u00e9ro de t\u00e9l\u00e9phone<\/li>\n<\/ul>\n<p>Les renseignements personnels que nous collectons sont recueillis au travers de formulaires et gr\u00e2ce \u00e0 l\u2019interactivit\u00e9 \u00e9tablie entre vous et notre site Web.<\/p>\n<p>Ces donn\u00e9es sont \u00e9galement collect\u00e9es de fa\u00e7on automatique :<\/p>\n<ul>\n<li>Cookies<\/li>\n<li>IP<\/li>\n<\/ul>\n<p>Nous utilisons les renseignements ainsi collect\u00e9s pour les finalit\u00e9s suivantes :<\/p>\n<ul>\n<li>Vous contacter par e-mail<\/li>\n<li>Vous contacter par t\u00e9l\u00e9phone<\/li>\n<li>\u2026<\/li>\n<\/ul>\n<p><strong>Vos droits<\/strong><\/p>\n<p>L\u2019exercice des droits \u00e9voqu\u00e9s ci-dessous ne pourront s\u2019exercer qu\u2019\u00e0 la transmission d\u2019un justificatif d\u2019identit\u00e9.<\/p>\n<p>Vous pouvez \u00e0 tout moment demander l\u2019exercice de vos droits d\u2019acc\u00e8s, de modifications, de suppression, de portabilit\u00e9, d\u2019effacement en ce qui concerne les donn\u00e9es personnelles que vous avez fournies aux Transports Cou\u00e9.<\/p>\n<p>Si vous avez un compte ou si vous avez laiss\u00e9 des commentaires sur le site, vous pouvez\u00a0demander \u00e0 recevoir un fichier contenant toutes les donn\u00e9es personnelles que nous poss\u00e9dons \u00e0 votre sujet, incluant celles que vous nous avez fournies. Vous pouvez \u00e9galement demander la suppression des donn\u00e9es personnelles vous concernant. Cela ne prend pas en compte les donn\u00e9es stock\u00e9es \u00e0 des fins administratives, l\u00e9gales ou pour des raisons de s\u00e9curit\u00e9.<\/p>\n<p>Ces droits peuvent \u00eatre exerc\u00e9s par courrier \u00e0 l\u2019adresse pr\u00e9cis\u00e9e dans les mentions l\u00e9gales de notre site et\/ou par mail \u00e0 l\u2019adresse contact@transports-coue.fr<\/p>\n<p>TRANSPORTS COU\u00c9 s\u2019engagent \u00e0 traiter votre demande dans les meilleurs d\u00e9lais sauf cas exceptionnel et l\u00e9gitime ainsi que dans le cas o\u00f9 le cadre l\u00e9gal impose aux TRANSPORTS COU\u00c9 de conserver certaines de vos donn\u00e9es.<\/p>\n<p><strong>Droits d\u2019acc\u00e8s<\/strong><\/p>\n<p>Nous nous engageons \u00e0 reconna\u00eetre un droit d\u2019acc\u00e8s et de rectification aux personnes concern\u00e9es d\u00e9sireuses de consulter, modifier, voir radier les informations les concernant.<\/p>\n<p>L\u2019exercice de ce droit se fera par l\u2019envoi d\u2019un avis aux propri\u00e9taires du site web \u00e0 l\u2019adresse suivante :<\/p>\n<p>TRANSPORTS COU\u00c9<br \/>\nRoute d&rsquo;Argentr\u00e9<br \/>\n53960 BONCHAMP LES LAVAL<\/p>\n<p>Ou par email \u00e0 contact@transports-coue.fr<\/p>\n<p>La r\u00e9ponse \u00e0 l\u2019exercice de l\u2019ensemble de ces droits est conditionn\u00e9e par la transmission aux TRANSPORTS COU\u00c9 de la copie d\u2019une pi\u00e8ce d\u2019identit\u00e9.<\/p>\n<p><strong>Cookies<\/strong><\/p>\n<p>Notre site Internet met en \u0153uvre des technologies dites \u00ab Cookies \u00bb. Les cookies sont des fichiers textes enregistr\u00e9s sur votre disque dur pour \u00eatre interrog\u00e9s par la suite. Ces fichiers sont utilis\u00e9s pour nous permettre de simplifier et personnaliser votre connexion \u00e0 notre site.<\/p>\n<p>Transports Cou\u00e9 font usage de cookies permettant de dresser des statistiques de fr\u00e9quentation du site en cours de consultation. Un cookie enregistre des informations relatives \u00e0 la navigation de votre ordinateur sur notre site (les pages que vous avez consult\u00e9es, la date et l\u2019heure de la consultation, etc\u2026) que nous pourrons lire lors de vos visites ult\u00e9rieures. La dur\u00e9e de conservation de ces informations dans votre ordinateur est de six mois, conform\u00e9ment aux recommandations de la CNIL, et ne sont pas c\u00e9d\u00e9es \u00e0 des tiers ni utilis\u00e9es \u00e0 d\u2019autres fins. Nous collectons \u00e9galement votre adresse IP, afin de d\u00e9terminer la ville depuis laquelle vous vous connectez. Celle-ci est imm\u00e9diatement anonymis\u00e9e apr\u00e8s utilisation.<\/p>\n<p>Si vous d\u00e9posez un commentaire sur notre site, il vous sera propos\u00e9 d\u2019enregistrer votre nom, adresse de messagerie et site web dans des cookies. C\u2019est uniquement pour votre confort afin de ne pas avoir \u00e0 saisir ces informations si vous d\u00e9posez un autre commentaire plus tard. Ces cookies expirent au bout d\u2019un an.<\/p>\n<p>Si vous avez un compte et que vous vous connectez sur ce site, un cookie temporaire sera cr\u00e9\u00e9 afin de d\u00e9terminer si votre navigateur accepte les cookies. Il ne contient pas de donn\u00e9es personnelles et sera supprim\u00e9 automatiquement \u00e0 la fermeture de votre navigateur.<\/p>\n<p>Lorsque vous vous connecterez, nous mettrons en place un certain nombre de cookies pour enregistrer vos informations de connexion et vos pr\u00e9f\u00e9rences d\u2019\u00e9cran. La dur\u00e9e de vie d\u2019un cookie de connexion est de deux jours, celle d\u2019un cookie d\u2019option d\u2019\u00e9cran est d\u2019un an. Si vous cochez \u00ab\u00a0Se souvenir de moi\u00a0\u00bb, votre cookie de connexion sera conserv\u00e9 pendant deux semaines. Si vous vous d\u00e9connectez de votre compte, le cookie de connexion sera effac\u00e9.<\/p>\n<p>En modifiant ou en publiant une publication, un cookie suppl\u00e9mentaire sera enregistr\u00e9 dans votre navigateur. Ce cookie ne comprend aucune donn\u00e9e personnelle. Il indique simplement l\u2019ID de la publication que vous venez de modifier. Il expire au bout d\u2019un jour.<\/p>\n<p><strong>Refuser les cookies<\/strong><\/p>\n<p>Vous pouvez vous opposer \u00e0 l\u2019enregistrement de cookies en configurant les param\u00e8tres de votre navigateur, notamment de la fa\u00e7on suivante :<\/p>\n<p><em>Microsoft Edge :<\/em><br \/>\n1. Cliquez sur le bouton \u00ab\u00a0\u2026\u00a0\u00bb \u00e0 droite du navigateur puis cliquez sur Param\u00e8tres.<br \/>\n2. Cliquer sur Afficher les Param\u00e8tres avanc\u00e9s.<br \/>\n3.\u00a0Dans la rubrique Cookies, cliquez sur Bloquer tous les cookies.<\/p>\n<p><em>Internet Explorer :<\/em><br \/>\n1. Cliquez sur le bouton Outils, puis sur Options Internet.<br \/>\n2. Sous l\u2019onglet G\u00e9n\u00e9ral, sous Historique de navigation, cliquez sur Param\u00e8tres.<br \/>\n3. Cliquez sur le bouton Afficher les fichiers.<br \/>\n4. Cliquez sur l\u2019en-t\u00eate de colonne \u00ab Nom \u00bb pour trier tous les fichiers dans l\u2019ordre alphab\u00e9tique, puis parcourez la liste jusqu\u2019\u00e0 ce que vous voyiez des fichiers commen\u00e7ant par le pr\u00e9fixe \u00bb Cookie \u00ab.<br \/>\n5. S\u00e9lectionnez-les tous ou uniquement les cookies comprenant le nom \u00ab xxx \u00bb et supprimez-les<br \/>\n6. Cliquez deux fois sur ok<\/p>\n<p><em>Firefox :<\/em><br \/>\n1. Cliquez sur le bouton Outils puis sur Options<br \/>\n2. Choisissez Vie priv\u00e9e et s\u00e9lectionnez Afficher les cookies<br \/>\n3. Cochez les Cookies et cliquez sur Effacer maintenant.<\/p>\n<p><em>Google Chrome 4, Google Chrome 8 et sup\u00e9rieur :<\/em><br \/>\n1. Choisir sur le menu Outil, puis Option.<br \/>\n2. Cliquer sur l\u2019onglet Options avanc\u00e9es.<br \/>\n3. Rep\u00e9rer la rubrique Param\u00e8tres de contenu.<br \/>\n4. Cocher Interdire \u00e0 tous les sites de stocker des donn\u00e9es.<\/p>\n<p><em>Safari :<\/em><br \/>\n1. Choisissez le menu Safari, puis Pr\u00e9f\u00e9rences dans le menu Edition.<br \/>\n2. Cliquez sur l\u2019onglet S\u00e9curit\u00e9, puis s\u00e9lectionnez le niveau de confidentialit\u00e9 souhait\u00e9.<\/p>\n<p><em>Netscape Navigator 9.0 :<\/em><br \/>\n1. Choisir le menu Tools, puis Option.<br \/>\n2. Cliquer sur l\u2019onglet Privacy.<br \/>\n3. D\u00e9cocher Accept cookies from sites.<\/p>\n<p><em>Pour Op\u00e9ra :<\/em><br \/>\n1. Choisir Menu, puis R\u00e9glages.<br \/>\n2. Cliquer sur l\u2019onglet Pr\u00e9f\u00e9rences.<br \/>\n3. S\u00e9lectionner Avanc\u00e9, puis Cookies.<br \/>\n4. Cocher Ne plus jamais accepter les cookies.<br \/>\n5. Cochez Supprimer les nouveaux cookies en quittant Op\u00e9ra et cliquez OK.<\/p>\n<p>Le cas \u00e9ch\u00e9ant, l\u2019utilisateur est inform\u00e9 que l\u2019acc\u00e8s \u00e0 certains services et rubriques du site pourra, dans cette hypoth\u00e8se, \u00eatre alt\u00e9r\u00e9, voire impossible.<br \/>\nLa dur\u00e9e de conservation des cookies est variable selon le type de cookies.<\/p>\n<p><strong>Contenu embarqu\u00e9 depuis d\u2019autres sites<\/strong><\/p>\n<p>Les articles de ce site peuvent inclure des contenus int\u00e9gr\u00e9s (par exemple des vid\u00e9os, images, articles\u2026). Le contenu int\u00e9gr\u00e9 depuis d\u2019autres sites se comporte de la m\u00eame mani\u00e8re que si le visiteur se rendait sur cet autre site.<\/p>\n<p>Ces sites web pourraient collecter des donn\u00e9es sur vous, utiliser des cookies, embarquer des outils de suivis tiers, suivre vos interactions avec ces contenus embarqu\u00e9s si vous disposez d\u2019un compte connect\u00e9 sur leur site web.<\/p>\n<p><strong>DUR\u00c9ES DE STOCKAGE DE VOS DONN\u00c9ES<\/strong><\/p>\n<p>Si vous laissez un commentaire, le commentaire et ses m\u00e9tadonn\u00e9es sont conserv\u00e9s ind\u00e9finiment. Cela permet de reconna\u00eetre et approuver automatiquement les commentaires suivants au lieu de les laisser dans la file de mod\u00e9ration.<\/p>\n<p>Pour les utilisateurs et utilisatrices qui s\u2019enregistrent sur notre site (si cela est possible), nous stockons \u00e9galement les donn\u00e9es personnelles indiqu\u00e9es dans leur profil. Tous les utilisateurs et utilisatrices peuvent voir, modifier ou supprimer leurs informations personnelles \u00e0 tout moment (\u00e0 l\u2019exception de leur nom d\u2019utilisateur\u00b7ice). Les gestionnaires du site peuvent aussi voir et modifier ces informations.<\/p>\n<p><strong>MODIFICATION DE CETTE POLITIQUE DE CONFIDENTIALIT\u00c9<\/strong><\/p>\n<p>TRANSPORTS COU\u00c9 se r\u00e9servent le droit d\u2019apporter des modifications \u00e0 cette politique de confidentialit\u00e9. \u00a0Toute nouvelle version de politique de confidentialit\u00e9 entre en vigueur imm\u00e9diatement.<\/p>\n<p>A chaque nouvelle visite sur le site TRANSPORTS COU\u00c9 vous vous soumettez \u00e0 cette politique de confidentialit\u00e9. Nous vous invitons donc \u00e0 en prendre connaissance r\u00e9guli\u00e8rement.<\/p>\n<\/div><\/section><\/div>\n","protected":false},"excerpt":{"rendered":"","protected":false},"author":1,"featured_media":0,"parent":0,"menu_order":0,"comment_status":"closed","ping_status":"open","template":"","meta":{"om_disable_all_campaigns":false,"_monsterinsights_skip_tracking":false,"_monsterinsights_sitenote_active":false,"_monsterinsights_sitenote_note":"","_monsterinsights_sitenote_category":0,"footnotes":""},"class_list":["post-3","page","type-page","status-publish","hentry"],"aioseo_notices":[],"_links":{"self":[{"href":"https:\/\/www.transports-coue.fr\/fr\/wp-json\/wp\/v2\/pages\/3","targetHints":{"allow":["GET"]}}],"collection":[{"href":"https:\/\/www.transports-coue.fr\/fr\/wp-json\/wp\/v2\/pages"}],"about":[{"href":"https:\/\/www.transports-coue.fr\/fr\/wp-json\/wp\/v2\/types\/page"}],"author":[{"embeddable":true,"href":"https:\/\/www.transports-coue.fr\/fr\/wp-json\/wp\/v2\/users\/1"}],"replies":[{"embeddable":true,"href":"https:\/\/www.transports-coue.fr\/fr\/wp-json\/wp\/v2\/comments?post=3"}],"version-history":[{"count":11,"href":"https:\/\/www.transports-coue.fr\/fr\/wp-json\/wp\/v2\/pages\/3\/revisions"}],"predecessor-version":[{"id":10955,"href":"https:\/\/www.transports-coue.fr\/fr\/wp-json\/wp\/v2\/pages\/3\/revisions\/10955"}],"wp:attachment":[{"href":"https:\/\/www.transports-coue.fr\/fr\/wp-json\/wp\/v2\/media?parent=3"}],"curies":[{"name":"wp","href":"https:\/\/api.w.org\/{rel}","templated":true}]}}