{"id":154,"date":"2018-10-02T15:43:45","date_gmt":"2018-10-02T13:43:45","guid":{"rendered":"http:\/\/www2.transports-coue.fr\/fr\/?page_id=154"},"modified":"2024-09-04T09:46:02","modified_gmt":"2024-09-04T07:46:02","slug":"contact","status":"publish","type":"page","link":"https:\/\/www.transports-coue.fr\/fr\/contact\/","title":{"rendered":"Contact"},"content":{"rendered":"\n<style type=\"text\/css\" data-created_by=\"avia_inline_auto\" id=\"style-css-av-lsvv0zus-4c1cd2051e522f76a0604ff535377243\">\n.avia-section.av-lsvv0zus-4c1cd2051e522f76a0604ff535377243{\nbackground-repeat:no-repeat;\nbackground-image:url(https:\/\/www.transports-coue.fr\/wp-content\/uploads\/2024\/02\/notre-equipe-gagnante-groupe-coue-trm-relais-e1708511009886.webp);\nbackground-position:0% 0%;\nbackground-attachment:scroll;\n}\n<\/style>\n<div id='av_section_1'  class='avia-section av-lsvv0zus-4c1cd2051e522f76a0604ff535377243 main_color avia-section-default avia-no-border-styling  avia-builder-el-0  el_before_av_section  avia-builder-el-first  avia-bg-style-scroll av-minimum-height av-minimum-height-custom av-height-custom  container_wrap fullsize'  data-section-bg-repeat='no-repeat' data-av_minimum_height_px='320'><div class='container av-section-cont-open' style='height:320px'><main  role=\"main\" itemprop=\"mainContentOfPage\"  class='template-page content  av-content-full alpha units'><div class='post-entry post-entry-type-page post-entry-154'><div class='entry-content-wrapper clearfix'>\n<\/div><\/div><\/main><!-- close content main element --><\/div><\/div>\n<style type=\"text\/css\" data-created_by=\"avia_inline_auto\" id=\"style-css-av-hh6ky-b2d06ccfe20aad291786a4b522d078ca\">\n.avia-section.av-hh6ky-b2d06ccfe20aad291786a4b522d078ca{\nbackground-color:#ffffff;\nbackground-image:unset;\n}\n<\/style>\n<div id='av_section_2'  class='avia-section av-hh6ky-b2d06ccfe20aad291786a4b522d078ca main_color avia-section-default avia-shadow  avia-builder-el-1  el_after_av_section  el_before_av_section  av-small-hide av-mini-hide avia-bg-style-scroll av-minimum-height av-minimum-height-custom av-height-custom  container_wrap fullsize'   data-av_minimum_height_px='50'><div class='container av-section-cont-open' style='height:50px'><div class='template-page content  av-content-full alpha units'><div class='post-entry post-entry-type-page post-entry-154'><div class='entry-content-wrapper clearfix'>\n<section  class='av_textblock_section av-lsvujl9r-646b8101fbb6bf78e2959fb6e766fd6b '   itemscope=\"itemscope\" itemtype=\"https:\/\/schema.org\/CreativeWork\" ><div class='avia_textblock'  itemprop=\"text\" >\n<style type=\"text\/css\" data-created_by=\"avia_inline_auto\" id=\"style-css-av-8mse2-8b8c009fc99017a337c4a191b8ba0a41\">\n#top .hr.hr-invisible.av-8mse2-8b8c009fc99017a337c4a191b8ba0a41{\nheight:5px;\n}\n<\/style>\n<div  class='hr av-8mse2-8b8c009fc99017a337c4a191b8ba0a41 hr-invisible  avia-builder-el-3  avia-builder-el-no-sibling '><span class='hr-inner '><span class=\"hr-inner-style\"><\/span><\/span><\/div>\n<h1><img loading=\"lazy\" decoding=\"async\" class=\"alignleft wp-image-353\" src=\"http:\/\/www2.transports-coue.fr\/fr\/wp-content\/uploads\/2018\/10\/transports-coue-o-245x300.png\" alt=\"\" width=\"65\" height=\"80\" srcset=\"https:\/\/www.transports-coue.fr\/wp-content\/uploads\/2018\/10\/transports-coue-o-245x300.png 245w, https:\/\/www.transports-coue.fr\/wp-content\/uploads\/2018\/10\/transports-coue-o-575x705.png 575w, https:\/\/www.transports-coue.fr\/wp-content\/uploads\/2018\/10\/transports-coue-o-450x551.png 450w, https:\/\/www.transports-coue.fr\/wp-content\/uploads\/2018\/10\/transports-coue-o.png 590w\" sizes=\"auto, (max-width: 65px) 100vw, 65px\" \/><\/h1>\n<h1><a href=\"https:\/\/www.transports-coue.fr\/fr\/contact\/\" target=\"_blank\" rel=\"noopener\"><img loading=\"lazy\" decoding=\"async\" class=\"alignright wp-image-44\" src=\"http:\/\/www2.transports-coue.fr\/fr\/wp-content\/uploads\/2018\/09\/picto-devis-300x105.png\" alt=\"\" width=\"149\" height=\"52\" srcset=\"https:\/\/www.transports-coue.fr\/wp-content\/uploads\/2018\/09\/picto-devis-300x105.png 300w, https:\/\/www.transports-coue.fr\/wp-content\/uploads\/2018\/09\/picto-devis-768x268.png 768w, https:\/\/www.transports-coue.fr\/wp-content\/uploads\/2018\/09\/picto-devis-705x246.png 705w, https:\/\/www.transports-coue.fr\/wp-content\/uploads\/2018\/09\/picto-devis-450x157.png 450w, https:\/\/www.transports-coue.fr\/wp-content\/uploads\/2018\/09\/picto-devis.png 945w\" sizes=\"auto, (max-width: 149px) 100vw, 149px\" \/><\/a><\/h1>\n<h1><\/h1>\n<h1>Nous contacter<\/h1>\n<h1><\/h1>\n<h1><\/h1>\n<h1><\/h1>\n<h1><\/h1>\n<\/div><\/section>\n\n<\/div><\/div><\/div><!-- close content main div --><\/div><\/div>\n<style type=\"text\/css\" data-created_by=\"avia_inline_auto\" id=\"style-css-av-js6a9ejy-d8be233fd7d0d76976ba755bbbea446a\">\n.avia-section.av-js6a9ejy-d8be233fd7d0d76976ba755bbbea446a{\nbackground-color:#ffffff;\nbackground-image:unset;\n}\n<\/style>\n<div id='av_section_3'  class='avia-section av-js6a9ejy-d8be233fd7d0d76976ba755bbbea446a main_color avia-section-no-padding avia-no-border-styling  avia-builder-el-4  el_after_av_section  el_before_av_section  avia-bg-style-scroll container_wrap fullsize'  ><div class='container av-section-cont-open' ><div class='template-page content  av-content-full alpha units'><div class='post-entry post-entry-type-page post-entry-154'><div class='entry-content-wrapper clearfix'>\n\n<style type=\"text\/css\" data-created_by=\"avia_inline_auto\" id=\"style-css-av-lgxozqj0-b44d78e7b88b8134b3438affe3e81d99\">\n#top .av_textblock_section.av-lgxozqj0-b44d78e7b88b8134b3438affe3e81d99 .avia_textblock{\nfont-size:28px;\ncolor:#000000;\n}\n<\/style>\n<section  class='av_textblock_section av-lgxozqj0-b44d78e7b88b8134b3438affe3e81d99 '   itemscope=\"itemscope\" itemtype=\"https:\/\/schema.org\/CreativeWork\" ><div class='avia_textblock av_inherit_color'  itemprop=\"text\" ><p style=\"text-align: center;\">Pour l&rsquo;envoi de vos candidatures spontan\u00e9es, merci de nous les transmettre par mail \u00e0 <strong><span style=\"color: #a81010;\">recrutement@coue-trm.fr<\/span><\/strong><\/p>\n<\/div><\/section>\n\n<\/div><\/div><\/div><!-- close content main div --><\/div><\/div>\n<style type=\"text\/css\" data-created_by=\"avia_inline_auto\" id=\"style-css-av-js6a9ejy-2-b1bef3199e70af84421879f8ff7755e4\">\n.avia-section.av-js6a9ejy-2-b1bef3199e70af84421879f8ff7755e4{\nbackground-color:#ffffff;\nbackground-image:unset;\n}\n<\/style>\n<div id='av_section_4'  class='avia-section av-js6a9ejy-2-b1bef3199e70af84421879f8ff7755e4 main_color avia-section-no-padding avia-no-border-styling  avia-builder-el-6  el_after_av_section  el_before_av_section  avia-bg-style-scroll container_wrap fullsize'  ><div class='container av-section-cont-open' ><div class='template-page content  av-content-full alpha units'><div class='post-entry post-entry-type-page post-entry-154'><div class='entry-content-wrapper clearfix'>\n<div class='flex_column_table av-ygqsa-1-84733aa9093fdc39ceb3640f2e645752 sc-av_one_full av-equal-height-column-flextable'>\n<style type=\"text\/css\" data-created_by=\"avia_inline_auto\" id=\"style-css-av-ygqsa-1-84733aa9093fdc39ceb3640f2e645752\">\n.flex_column.av-ygqsa-1-84733aa9093fdc39ceb3640f2e645752{\nborder-radius:0px 0px 0px 0px;\npadding:20px 30px 20px 30px;\nbackground-color:#ffffff;\n}\n<\/style>\n<div  class='flex_column av-ygqsa-1-84733aa9093fdc39ceb3640f2e645752 av_one_full  avia-builder-el-7  avia-builder-el-no-sibling  first flex_column_table_cell av-equal-height-column av-align-middle  '     ><form action=\"https:\/\/www.transports-coue.fr\/fr\/contact\/\" method=\"post\" data-fields-with-error=\"Erreurs trouv\u00e9es dans les champs suivants :\" class=\"avia_ajax_form av-form-labels-visible   avia-builder-el-8  avia-builder-el-no-sibling  av-centered-form  av-custom-form-color av-dark-form \" data-avia-form-id=\"1\" data-avia-redirect='' ><fieldset><p class='  first_form  form_element form_element_half' id='element_avia_1_1'><label for=\"avia_1_1\">Soci\u00e9t\u00e9 <abbr class=\"required\" title=\"requis(e)\">*<\/abbr><\/label> <input name=\"avia_1_1\" class=\"text_input is_empty\" type=\"text\" id=\"avia_1_1\" value=\"\" \/><\/p><p class='  form_element form_element_half' id='element_avia_2_1'><label for=\"avia_2_1\">Nom <abbr class=\"required\" title=\"requis(e)\">*<\/abbr><\/label> <input name=\"avia_2_1\" class=\"text_input is_empty\" type=\"text\" id=\"avia_2_1\" value=\"\" \/><\/p><p class='  first_form  form_element form_element_half' id='element_avia_3_1'><label for=\"avia_3_1\">E-mail <abbr class=\"required\" title=\"requis(e)\">*<\/abbr><\/label> <input name=\"avia_3_1\" class=\"text_input is_email\" type=\"text\" id=\"avia_3_1\" value=\"\" \/><\/p><p class='  form_element form_element_half' id='element_avia_4_1'><label for=\"avia_4_1\">T\u00e9l\u00e9phone<\/label> <input name=\"avia_4_1\" class=\"text_input \" type=\"text\" id=\"avia_4_1\" value=\"\" \/><\/p><p class='  first_form  form_element form_fullwidth' id='element_avia_5_1'><label for=\"avia_5_1\" class=\"textare_label hidden textare_label_avia_5_1\">Message <abbr class=\"required\" title=\"requis(e)\">*<\/abbr><\/label><textarea  name=\"avia_5_1\" class=\"text_area is_empty\" cols=\"40\" rows=\"7\" id=\"avia_5_1\" ><\/textarea><\/p><p class='  first_form  form_element form_fullwidth' id='element_avia_6_1'><label for=\"avia_6_1\">Comment \u00eates-vous arriv\u00e9s jusqu\u2019\u00e0 nous ? <abbr class=\"required\" title=\"requis(e)\">*<\/abbr><\/label><select  name=\"avia_6_1\" class=\"select is_empty\" id=\"avia_6_1\"><option   value='Recherche sur Google'>Recherche sur Google<\/option><option   value='Salon'>Salon<\/option><option   value='Recommandation'>Recommandation<\/option><option   value='Linkedin'>Linkedin<\/option><option   value='Facebook'>Facebook<\/option><option   value='Instagram'>Instagram<\/option><option   value='You Tube'>You Tube<\/option><option   value='Annuaire'>Annuaire<\/option><option   value='Autre'>Autre<\/option><\/select><\/p><p class='  first_form  form_element form_fullwidth' id='element_avia_7_1'><label for=\"avia_7_1\">Pouvez-vous pr\u00e9ciser comment vous nous connaissez ? Quels mots cl\u00e9s avez-vous tap\u00e9 dans le moteur de recherche pour nous trouver ?<\/label> <input name=\"avia_7_1\" class=\"text_input \" type=\"text\" id=\"avia_7_1\" value=\"\" \/><\/p><p class='  first_form  form_element form_fullwidth' id='element_avia_8_1'><input  name=\"avia_8_1\" class=\"input_checkbox is_empty\" type=\"checkbox\" id=\"avia_8_1\" value=\"true\"\/><label class=\"input_checkbox_label\" for=\"avia_8_1\"><span>En cochant cette case, j\u2019accepte la <a href=\"https:\/\/www.transports-coue.fr\/politique-de-confidentialite\/\" target=\"_blank\" rel=\"noopener\">Politique de confidentialit\u00e9 de ce site<\/a>. <\/span> <abbr class=\"required\" title=\"requis(e)\">*<\/abbr><\/label><\/p><p class=\"hidden\"><input type=\"text\" name=\"avia_9_1\" class=\"hidden \" id=\"avia_9_1\" value=\"\" \/><\/p><p class='   form_element form_fullwidth' id='element_avia_10_1'><span class='value_verifier_label'>6 + 0 = ?<\/span><input name=\"avia_10_1_verifier\" type=\"hidden\" id=\"avia_10_1_verifier\" value=\"878225666\"\/><label for=\"avia_10_1\">Merci de prouver que vous \u00eates un humain en donnant le r\u00e9sultat de cette op\u00e9ration <abbr class=\"required\" title=\"requis(e)\">*<\/abbr><\/label><input name=\"avia_10_1\" class=\"text_input captcha\" type=\"text\" id=\"avia_10_1\" value=\"\"\/><\/p><p class=\"form_element \"><input type=\"hidden\" value=\"1\" name=\"avia_generated_form1\" \/><input type=\"submit\" value=\"Valider\" class=\"button\"  data-sending-label=\"Envoi\"\/><\/p><\/fieldset><\/form><div id=\"ajaxresponse_1\" class=\"ajaxresponse ajaxresponse_1 hidden\"><\/div><\/div><\/div><!--close column table wrapper. Autoclose: 1 -->\n\n<\/div><\/div><\/div><!-- close content main div --><\/div><\/div><div id='av_section_5'  class='avia-section av-lgw1vexd-2284363eb8cd5a0732dbd6a9ebf14107 main_color avia-section-default avia-no-border-styling  avia-builder-el-9  el_after_av_section  avia-builder-el-last  av-desktop-hide av-medium-hide av-small-hide av-mini-hide avia-bg-style-scroll container_wrap fullsize'  ><div class='container av-section-cont-open' ><div class='template-page content  av-content-full alpha units'><div class='post-entry post-entry-type-page post-entry-154'><div class='entry-content-wrapper clearfix'>\n\n<style type=\"text\/css\" data-created_by=\"avia_inline_auto\" id=\"style-css-av-18c04y-39e29f88977aa780c0792708459731d7\">\n.flex_column.av-18c04y-39e29f88977aa780c0792708459731d7{\nborder-radius:0px 0px 0px 0px;\npadding:0px 0px 0px 0px;\n}\n<\/style>\n<div  class='flex_column av-18c04y-39e29f88977aa780c0792708459731d7 av_one_full  avia-builder-el-10  avia-builder-el-no-sibling  first flex_column_div av-zero-column-padding  '     ><\/div>\n\n","protected":false},"excerpt":{"rendered":"","protected":false},"author":1,"featured_media":0,"parent":0,"menu_order":0,"comment_status":"closed","ping_status":"closed","template":"","meta":{"om_disable_all_campaigns":false,"_monsterinsights_skip_tracking":false,"_monsterinsights_sitenote_active":false,"_monsterinsights_sitenote_note":"","_monsterinsights_sitenote_category":0,"footnotes":""},"class_list":["post-154","page","type-page","status-publish","hentry"],"aioseo_notices":[],"_links":{"self":[{"href":"https:\/\/www.transports-coue.fr\/fr\/wp-json\/wp\/v2\/pages\/154","targetHints":{"allow":["GET"]}}],"collection":[{"href":"https:\/\/www.transports-coue.fr\/fr\/wp-json\/wp\/v2\/pages"}],"about":[{"href":"https:\/\/www.transports-coue.fr\/fr\/wp-json\/wp\/v2\/types\/page"}],"author":[{"embeddable":true,"href":"https:\/\/www.transports-coue.fr\/fr\/wp-json\/wp\/v2\/users\/1"}],"replies":[{"embeddable":true,"href":"https:\/\/www.transports-coue.fr\/fr\/wp-json\/wp\/v2\/comments?post=154"}],"version-history":[{"count":83,"href":"https:\/\/www.transports-coue.fr\/fr\/wp-json\/wp\/v2\/pages\/154\/revisions"}],"predecessor-version":[{"id":10932,"href":"https:\/\/www.transports-coue.fr\/fr\/wp-json\/wp\/v2\/pages\/154\/revisions\/10932"}],"wp:attachment":[{"href":"https:\/\/www.transports-coue.fr\/fr\/wp-json\/wp\/v2\/media?parent=154"}],"curies":[{"name":"wp","href":"https:\/\/api.w.org\/{rel}","templated":true}]}}