{"id":137,"date":"2018-10-01T15:47:39","date_gmt":"2018-10-01T13:47:39","guid":{"rendered":"http:\/\/www2.transports-coue.fr\/fr\/?page_id=137"},"modified":"2024-09-04T09:52:56","modified_gmt":"2024-09-04T07:52:56","slug":"plus-quun-transporteur-un-partenaire","status":"publish","type":"page","link":"https:\/\/www.transports-coue.fr\/fr\/nos-engagements\/plus-quun-transporteur-un-partenaire\/","title":{"rendered":"Plus qu&rsquo;un transporteur : un partenaire"},"content":{"rendered":"\n<style type=\"text\/css\" data-created_by=\"avia_inline_auto\" id=\"style-css-av-lsvu66xl-d5bf2ba48cbc7199fc8792c31894edde\">\n.avia-section.av-lsvu66xl-d5bf2ba48cbc7199fc8792c31894edde{\nbackground-color:rgba(232,232,232,0.01);\nbackground-image:url(https:\/\/www.transports-coue.fr\/wp-content\/uploads\/2024\/02\/notre-equipe-gagnante-groupe-coue-trm-ski-nautique-e1707932807247.webp);\nbackground-repeat:no-repeat;\nbackground-position:50% 50%;\nbackground-attachment:scroll;\n}\n<\/style>\n<div id='av_section_1'  class='avia-section av-lsvu66xl-d5bf2ba48cbc7199fc8792c31894edde main_color avia-section-default avia-shadow  avia-builder-el-0  el_before_av_section  avia-builder-el-first  av-small-hide av-mini-hide avia-bg-style-scroll av-minimum-height av-minimum-height-custom av-height-custom  container_wrap fullsize'  data-section-bg-repeat='no-repeat' data-av_minimum_height_px='320'><div class='container av-section-cont-open' style='height:320px'><main  role=\"main\" itemprop=\"mainContentOfPage\"  class='template-page content  av-content-full alpha units'><div class='post-entry post-entry-type-page post-entry-137'><div class='entry-content-wrapper clearfix'>\n<\/div><\/div><\/main><!-- close content main element --><\/div><\/div>\n<style type=\"text\/css\" data-created_by=\"avia_inline_auto\" id=\"style-css-av-857nt-a326ecc3e06a732f4969c3c61455345a\">\n.avia-section.av-857nt-a326ecc3e06a732f4969c3c61455345a{\nbackground-color:#ffffff;\nbackground-image:unset;\n}\n<\/style>\n<div id='av_section_2'  class='avia-section av-857nt-a326ecc3e06a732f4969c3c61455345a main_color avia-section-default avia-shadow  avia-builder-el-1  el_after_av_section  el_before_av_section  av-small-hide av-mini-hide avia-bg-style-scroll av-minimum-height av-minimum-height-custom av-height-custom  container_wrap fullsize'   data-av_minimum_height_px='50'><div class='container av-section-cont-open' style='height:50px'><div class='template-page content  av-content-full alpha units'><div class='post-entry post-entry-type-page post-entry-137'><div class='entry-content-wrapper clearfix'>\n<section  class='av_textblock_section av-lsvu6nwq-c0c6e128d08484373113c228f329052e '   itemscope=\"itemscope\" itemtype=\"https:\/\/schema.org\/CreativeWork\" ><div class='avia_textblock'  itemprop=\"text\" ><h1><img loading=\"lazy\" decoding=\"async\" class=\"alignleft wp-image-353\" src=\"http:\/\/www2.transports-coue.fr\/fr\/wp-content\/uploads\/2018\/10\/transports-coue-o-245x300.png\" alt=\"\" width=\"65\" height=\"80\" srcset=\"https:\/\/www.transports-coue.fr\/wp-content\/uploads\/2018\/10\/transports-coue-o-245x300.png 245w, https:\/\/www.transports-coue.fr\/wp-content\/uploads\/2018\/10\/transports-coue-o-575x705.png 575w, https:\/\/www.transports-coue.fr\/wp-content\/uploads\/2018\/10\/transports-coue-o-450x551.png 450w, https:\/\/www.transports-coue.fr\/wp-content\/uploads\/2018\/10\/transports-coue-o.png 590w\" sizes=\"auto, (max-width: 65px) 100vw, 65px\" \/><\/h1>\n<h1><a href=\"https:\/\/www.transports-coue.fr\/fr\/contact\/\" target=\"_blank\" rel=\"noopener\"><img loading=\"lazy\" decoding=\"async\" class=\"alignright wp-image-44\" src=\"http:\/\/www2.transports-coue.fr\/fr\/wp-content\/uploads\/2018\/09\/picto-devis-300x105.png\" alt=\"\" width=\"149\" height=\"52\" srcset=\"https:\/\/www.transports-coue.fr\/wp-content\/uploads\/2018\/09\/picto-devis-300x105.png 300w, https:\/\/www.transports-coue.fr\/wp-content\/uploads\/2018\/09\/picto-devis-768x268.png 768w, https:\/\/www.transports-coue.fr\/wp-content\/uploads\/2018\/09\/picto-devis-705x246.png 705w, https:\/\/www.transports-coue.fr\/wp-content\/uploads\/2018\/09\/picto-devis-450x157.png 450w, https:\/\/www.transports-coue.fr\/wp-content\/uploads\/2018\/09\/picto-devis.png 945w\" sizes=\"auto, (max-width: 149px) 100vw, 149px\" \/><\/a><\/h1>\n<h1>Plus qu&rsquo;un transporteur :<\/h1>\n<h1>un partenaire<\/h1>\n<h1><\/h1>\n<h1><\/h1>\n<h1><\/h1>\n<\/div><\/section>\n\n<\/div><\/div><\/div><!-- close content main div --><\/div><\/div>\n<style type=\"text\/css\" data-created_by=\"avia_inline_auto\" id=\"style-css-av-jtg1k3h3-e1f83761d9d1df221c8854ccefb968fe\">\n.avia-section.av-jtg1k3h3-e1f83761d9d1df221c8854ccefb968fe{\nbackground-color:rgba(232,232,232,0.01);\nbackground-image:url(https:\/\/www.transports-coue.fr\/wp-content\/uploads\/2018\/09\/img.png);\nbackground-repeat:no-repeat;\nbackground-position:50% 50%;\nbackground-attachment:scroll;\n}\n<\/style>\n<div id='av_section_3'  class='avia-section av-jtg1k3h3-e1f83761d9d1df221c8854ccefb968fe main_color avia-section-default avia-shadow  avia-builder-el-3  el_after_av_section  el_before_av_section  av-desktop-hide av-medium-hide av-small-hide av-mini-hide avia-bg-style-scroll av-minimum-height av-minimum-height-custom av-height-custom  container_wrap fullsize'  data-section-bg-repeat='no-repeat' data-av_minimum_height_px='250'><div class='container av-section-cont-open' style='height:250px'><div class='template-page content  av-content-full alpha units'><div class='post-entry post-entry-type-page post-entry-137'><div class='entry-content-wrapper clearfix'>\n\n<style type=\"text\/css\" data-created_by=\"avia_inline_auto\" id=\"style-css-av-26gn1-94dc80098d739d825c0e43527d3e3df9\">\n.flex_column.av-26gn1-94dc80098d739d825c0e43527d3e3df9{\nborder-radius:0px 0px 0px 0px;\npadding:30px 0px 0px 0px;\n}\n<\/style>\n<div  class='flex_column av-26gn1-94dc80098d739d825c0e43527d3e3df9 av_one_full  avia-builder-el-4  avia-builder-el-no-sibling  first flex_column_div avia-full-stretch  '     ><section  class='av_textblock_section av-jmgasd9v-a70c45750c1b7042e6ab8aca56a4d469 '   itemscope=\"itemscope\" itemtype=\"https:\/\/schema.org\/CreativeWork\" ><div class='avia_textblock'  itemprop=\"text\" ><h1><img loading=\"lazy\" decoding=\"async\" class=\"alignleft wp-image-353\" src=\"http:\/\/www2.transports-coue.fr\/fr\/wp-content\/uploads\/2018\/10\/transports-coue-o-245x300.png\" alt=\"\" width=\"65\" height=\"80\" srcset=\"https:\/\/www.transports-coue.fr\/wp-content\/uploads\/2018\/10\/transports-coue-o-245x300.png 245w, https:\/\/www.transports-coue.fr\/wp-content\/uploads\/2018\/10\/transports-coue-o-575x705.png 575w, https:\/\/www.transports-coue.fr\/wp-content\/uploads\/2018\/10\/transports-coue-o-450x551.png 450w, https:\/\/www.transports-coue.fr\/wp-content\/uploads\/2018\/10\/transports-coue-o.png 590w\" sizes=\"auto, (max-width: 65px) 100vw, 65px\" \/>PLUS QU&rsquo;UN TRANSPORTEUR :<br \/>\nUN PARTENAIRE<\/h1>\n<p><a href=\"https:\/\/www.transports-coue.fr\/fr\/contact\/\" target=\"_blank\" rel=\"noopener\"><img loading=\"lazy\" decoding=\"async\" class=\"alignright wp-image-44\" src=\"http:\/\/www2.transports-coue.fr\/fr\/wp-content\/uploads\/2018\/09\/picto-devis-300x105.png\" alt=\"\" width=\"149\" height=\"52\" srcset=\"https:\/\/www.transports-coue.fr\/wp-content\/uploads\/2018\/09\/picto-devis-300x105.png 300w, https:\/\/www.transports-coue.fr\/wp-content\/uploads\/2018\/09\/picto-devis-768x268.png 768w, https:\/\/www.transports-coue.fr\/wp-content\/uploads\/2018\/09\/picto-devis-705x246.png 705w, https:\/\/www.transports-coue.fr\/wp-content\/uploads\/2018\/09\/picto-devis-450x157.png 450w, https:\/\/www.transports-coue.fr\/wp-content\/uploads\/2018\/09\/picto-devis.png 945w\" sizes=\"auto, (max-width: 149px) 100vw, 149px\" \/><\/a><\/p>\n<\/div><\/section><\/div>\n\n<\/div><\/div><\/div><!-- close content main div --><\/div><\/div>\n<style type=\"text\/css\" data-created_by=\"avia_inline_auto\" id=\"style-css-av-jtg31l8o-20557bfc09d7e2a9c81d9c5d6de29bc5\">\n.avia-section.av-jtg31l8o-20557bfc09d7e2a9c81d9c5d6de29bc5{\nbackground-color:rgba(232,232,232,0.01);\nbackground-image:url(https:\/\/www.transports-coue.fr\/wp-content\/uploads\/2018\/09\/img-1030x349.png);\nbackground-repeat:no-repeat;\nbackground-position:50% 50%;\nbackground-attachment:scroll;\n}\n<\/style>\n<div id='av_section_4'  class='avia-section av-jtg31l8o-20557bfc09d7e2a9c81d9c5d6de29bc5 main_color avia-section-no-padding avia-shadow  avia-builder-el-6  el_after_av_section  el_before_av_one_half  av-desktop-hide av-medium-hide avia-bg-style-scroll av-minimum-height av-minimum-height-custom av-height-custom  container_wrap fullsize'  data-section-bg-repeat='no-repeat' data-av_minimum_height_px='250'><div class='container av-section-cont-open' style='height:250px'><div class='template-page content  av-content-full alpha units'><div class='post-entry post-entry-type-page post-entry-137'><div class='entry-content-wrapper clearfix'>\n\n<style type=\"text\/css\" data-created_by=\"avia_inline_auto\" id=\"style-css-av-26gn1-3-56cc0959c033c5d8aa4616471f707f61\">\n.flex_column.av-26gn1-3-56cc0959c033c5d8aa4616471f707f61{\nborder-radius:0px 0px 0px 0px;\npadding:30px 0px 0px 0px;\n}\n<\/style>\n<div  class='flex_column av-26gn1-3-56cc0959c033c5d8aa4616471f707f61 av_one_full  avia-builder-el-7  avia-builder-el-no-sibling  first flex_column_div avia-full-stretch  '     ><style type=\"text\/css\" data-created_by=\"avia_inline_auto\" id=\"style-css-av-jmgasd9v-2-41bf0eb4a817378abbc4f8bd14f87d52\">\n#top .av_textblock_section.av-jmgasd9v-2-41bf0eb4a817378abbc4f8bd14f87d52 .avia_textblock{\nfont-size:20px;\n}\n<\/style>\n<section  class='av_textblock_section av-jmgasd9v-2-41bf0eb4a817378abbc4f8bd14f87d52 '   itemscope=\"itemscope\" itemtype=\"https:\/\/schema.org\/CreativeWork\" ><div class='avia_textblock'  itemprop=\"text\" ><h1><img loading=\"lazy\" decoding=\"async\" class=\"alignleft wp-image-353\" src=\"http:\/\/www2.transports-coue.fr\/fr\/wp-content\/uploads\/2018\/10\/transports-coue-o-245x300.png\" alt=\"\" width=\"38\" height=\"47\" srcset=\"https:\/\/www.transports-coue.fr\/wp-content\/uploads\/2018\/10\/transports-coue-o-245x300.png 245w, https:\/\/www.transports-coue.fr\/wp-content\/uploads\/2018\/10\/transports-coue-o-575x705.png 575w, https:\/\/www.transports-coue.fr\/wp-content\/uploads\/2018\/10\/transports-coue-o-450x551.png 450w, https:\/\/www.transports-coue.fr\/wp-content\/uploads\/2018\/10\/transports-coue-o.png 590w\" sizes=\"auto, (max-width: 38px) 100vw, 38px\" \/>PLUS QU&rsquo;UN TRANSPORTEUR :<br \/>\nUN PARTENAIRE<\/h1>\n<p><a href=\"https:\/\/www.transports-coue.fr\/fr\/contact\/\" target=\"_blank\" rel=\"noopener\"><img loading=\"lazy\" decoding=\"async\" class=\"alignright wp-image-44\" src=\"http:\/\/www2.transports-coue.fr\/fr\/wp-content\/uploads\/2018\/09\/picto-devis-300x105.png\" alt=\"\" width=\"149\" height=\"52\" srcset=\"https:\/\/www.transports-coue.fr\/wp-content\/uploads\/2018\/09\/picto-devis-300x105.png 300w, https:\/\/www.transports-coue.fr\/wp-content\/uploads\/2018\/09\/picto-devis-768x268.png 768w, https:\/\/www.transports-coue.fr\/wp-content\/uploads\/2018\/09\/picto-devis-705x246.png 705w, https:\/\/www.transports-coue.fr\/wp-content\/uploads\/2018\/09\/picto-devis-450x157.png 450w, https:\/\/www.transports-coue.fr\/wp-content\/uploads\/2018\/09\/picto-devis.png 945w\" sizes=\"auto, (max-width: 149px) 100vw, 149px\" \/><\/a><\/p>\n<\/div><\/section><\/div>\n<\/div><\/div><\/div><!-- close content main div --><\/div><\/div><div id='after_section_4'  class='main_color av_default_container_wrap container_wrap fullsize'  ><div class='container av-section-cont-open' ><div class='template-page content  av-content-full alpha units'><div class='post-entry post-entry-type-page post-entry-137'><div class='entry-content-wrapper clearfix'>\n<div class='flex_column_table av-ufs5-938814f01781755b36ce0d103d43925a sc-av_one_half av-equal-height-column-flextable'>\n<style type=\"text\/css\" data-created_by=\"avia_inline_auto\" id=\"style-css-av-ufs5-938814f01781755b36ce0d103d43925a\">\n.flex_column.av-ufs5-938814f01781755b36ce0d103d43925a{\nborder-radius:0px 0px 0px 0px;\npadding:0px 0px 0px 0px;\n}\n<\/style>\n<div  class='flex_column av-ufs5-938814f01781755b36ce0d103d43925a av_one_half  avia-builder-el-9  el_after_av_section  el_before_av_one_half  avia-builder-el-first  first flex_column_table_cell av-equal-height-column av-align-middle av-zero-column-padding  '     ><style type=\"text\/css\" data-created_by=\"avia_inline_auto\" id=\"style-css-av-jmgawmne-7483ebea5010080ed42829852f377eed\">\n#top .av_textblock_section.av-jmgawmne-7483ebea5010080ed42829852f377eed .avia_textblock{\nfont-size:19px;\n}\n<\/style>\n<section  class='av_textblock_section av-jmgawmne-7483ebea5010080ed42829852f377eed '   itemscope=\"itemscope\" itemtype=\"https:\/\/schema.org\/CreativeWork\" ><div class='avia_textblock'  itemprop=\"text\" ><ul>\n<li>Vous accompagner pour axer votre plan transport vers la meilleure productivit\u00e9<\/li>\n<li>Vous apporter une souplesse d\u2019action pour r\u00e9pondre facilement \u00e0 toute situation<\/li>\n<li>Etre force de propositions pour une solution op\u00e9rationnelle et \u00e9conomique viable<\/li>\n<li>Faire du meilleur taux de service notre priorit\u00e9<\/li>\n<li>Vous apporter une expertise professionnelle pour chacune de vos sp\u00e9cificit\u00e9s m\u00e9tiers<\/li>\n<li>Adapter ensemble nos solutions \u00e0 vos imp\u00e9ratifs<\/li>\n<\/ul>\n<\/div><\/section><\/div>\n<div class='av-flex-placeholder'><\/div>\n<style type=\"text\/css\" data-created_by=\"avia_inline_auto\" id=\"style-css-av-t24z-5e1a67f08b1969fe7210515c3be61270\">\n.flex_column.av-t24z-5e1a67f08b1969fe7210515c3be61270{\nborder-radius:0px 0px 0px 0px;\npadding:0px 0px 0px 0px;\n}\n<\/style>\n<div  class='flex_column av-t24z-5e1a67f08b1969fe7210515c3be61270 av_one_half  avia-builder-el-11  el_after_av_one_half  avia-builder-el-last  flex_column_table_cell av-equal-height-column av-align-middle av-zero-column-padding  '     ><style type=\"text\/css\" data-created_by=\"avia_inline_auto\" id=\"style-css-av-jmqag1sm-d6cfbeda24b3816f13c889962acea821\">\n.avia-image-container.av-jmqag1sm-d6cfbeda24b3816f13c889962acea821 img.avia_image{\nbox-shadow:none;\n}\n.avia-image-container.av-jmqag1sm-d6cfbeda24b3816f13c889962acea821 .av-image-caption-overlay-center{\ncolor:#ffffff;\n}\n<\/style>\n<div  class='avia-image-container av-jmqag1sm-d6cfbeda24b3816f13c889962acea821 av-styling- avia-align-center  avia-builder-el-12  avia-builder-el-no-sibling '   itemprop=\"image\" itemscope=\"itemscope\" itemtype=\"https:\/\/schema.org\/ImageObject\" ><div class=\"avia-image-container-inner\"><div class=\"avia-image-overlay-wrap\"><img decoding=\"async\" fetchpriority=\"high\" class='wp-image-138 avia-img-lazy-loading-not-138 avia_image ' src=\"https:\/\/www.transports-coue.fr\/wp-content\/uploads\/2018\/10\/img-1-3.png\" alt='' title='img-1'  height=\"396\" width=\"517\"  itemprop=\"thumbnailUrl\" srcset=\"https:\/\/www.transports-coue.fr\/wp-content\/uploads\/2018\/10\/img-1-3.png 517w, https:\/\/www.transports-coue.fr\/wp-content\/uploads\/2018\/10\/img-1-3-300x230.png 300w, https:\/\/www.transports-coue.fr\/wp-content\/uploads\/2018\/10\/img-1-3-450x345.png 450w\" sizes=\"(max-width: 517px) 100vw, 517px\" \/><\/div><\/div><\/div><\/div><\/div><!--close column table wrapper. Autoclose: 1 -->\n","protected":false},"excerpt":{"rendered":"","protected":false},"author":1,"featured_media":0,"parent":1408,"menu_order":15,"comment_status":"closed","ping_status":"closed","template":"","meta":{"om_disable_all_campaigns":false,"_monsterinsights_skip_tracking":false,"_monsterinsights_sitenote_active":false,"_monsterinsights_sitenote_note":"","_monsterinsights_sitenote_category":0,"footnotes":""},"class_list":["post-137","page","type-page","status-publish","hentry"],"aioseo_notices":[],"_links":{"self":[{"href":"https:\/\/www.transports-coue.fr\/fr\/wp-json\/wp\/v2\/pages\/137","targetHints":{"allow":["GET"]}}],"collection":[{"href":"https:\/\/www.transports-coue.fr\/fr\/wp-json\/wp\/v2\/pages"}],"about":[{"href":"https:\/\/www.transports-coue.fr\/fr\/wp-json\/wp\/v2\/types\/page"}],"author":[{"embeddable":true,"href":"https:\/\/www.transports-coue.fr\/fr\/wp-json\/wp\/v2\/users\/1"}],"replies":[{"embeddable":true,"href":"https:\/\/www.transports-coue.fr\/fr\/wp-json\/wp\/v2\/comments?post=137"}],"version-history":[{"count":20,"href":"https:\/\/www.transports-coue.fr\/fr\/wp-json\/wp\/v2\/pages\/137\/revisions"}],"predecessor-version":[{"id":10941,"href":"https:\/\/www.transports-coue.fr\/fr\/wp-json\/wp\/v2\/pages\/137\/revisions\/10941"}],"up":[{"embeddable":true,"href":"https:\/\/www.transports-coue.fr\/fr\/wp-json\/wp\/v2\/pages\/1408"}],"wp:attachment":[{"href":"https:\/\/www.transports-coue.fr\/fr\/wp-json\/wp\/v2\/media?parent=137"}],"curies":[{"name":"wp","href":"https:\/\/api.w.org\/{rel}","templated":true}]}}